{"id":2254,"date":"2018-03-04T15:42:32","date_gmt":"2018-03-04T14:42:32","guid":{"rendered":"https:\/\/discountlens.ch\/blog\/?page_id=2254"},"modified":"2020-03-17T16:54:16","modified_gmt":"2020-03-17T15:54:16","slug":"impressum","status":"publish","type":"page","link":"https:\/\/discountlens.ch\/blog\/impressum\/","title":{"rendered":"Impressum"},"content":{"rendered":"<p><strong>Urbach Optik AG<\/strong><br \/>\nNeugutstrasse 52<br \/>\n8600 D\u00fcbendorf<br \/>\nSchweiz<\/p>\n<p><a href=\"https:\/\/www.discountlens.ch\/de\/\">www.discountlens.ch<\/a>\u00a0| <a href=\"http:\/\/www.discountlens.de\">www.discountlens.de<\/a> | <a href=\"http:\/\/www.discountlens.at\">www.discountlens.at<\/a><\/p>\n<p>E-Mail. info@discountlens-blog.visiongroup.io<br \/>\nTelefon. +41 44 823 10 10<br \/>\nGratis Hotline. 0800 001 700<br \/>\nMontag &#8211; Freitag. 09:00 bis 17:00 Uhr, ausgenommen schweizer Feiertage<\/p>\n<p><strong>Gesch\u00e4ftsleitung:<\/strong><br \/>\nAndreas Hungerb\u00fchler<br \/>\nHandelsregister des Kantons Z\u00fcrich<br \/>\nHandelsregisternummer:<br \/>\nCH-020.3.037.377-4<br \/>\nMehrwertsteuer Nummer:<br \/>\nCHE-390.145.890<\/p>\n<p><strong>Bankverbindung<\/strong><br \/>\nPost Finance<br \/>\nIBAN: CH31 0900 0000 8531 21281<\/p>\n","protected":false},"excerpt":{"rendered":"<p>Urbach Optik AG Neugutstrasse 52 8600 D\u00fcbendorf Schweiz www.discountlens.ch\u00a0| www.discountlens.de | www.discountlens.at E-Mail. info@discountlens-blog.visiongroup.io Telefon. +41 44 823 10 10 Gratis Hotline. 0800 001 700 Montag &#8211; Freitag. 09:00 bis 17:00 Uhr, ausgenommen schweizer Feiertage Gesch\u00e4ftsleitung: Andreas Hungerb\u00fchler Handelsregister des Kantons Z\u00fcrich Handelsregisternummer: CH-020.3.037.377-4 Mehrwertsteuer Nummer: CHE-390.145.890 Bankverbindung Post Finance<\/p>\n<div class=\"post-permalink\">\n\t\t\t\t\t\t<a href=\"https:\/\/discountlens.ch\/blog\/impressum\/\" class=\"btn btn-default\">Continue Reading<\/a><\/div>\n","protected":false},"author":5,"featured_media":0,"parent":0,"menu_order":0,"comment_status":"closed","ping_status":"closed","template":"","meta":{"footnotes":""},"class_list":["post-2254","page","type-page","status-publish","hentry"],"yoast_head":"<!-- This site is optimized with the Yoast SEO plugin v26.0 - https:\/\/yoast.com\/wordpress\/plugins\/seo\/ -->\n<title>Impressum - discountlens Ratgeber<\/title>\n<meta name=\"robots\" content=\"index, follow, max-snippet:-1, max-image-preview:large, max-video-preview:-1\" \/>\n<link rel=\"canonical\" href=\"https:\/\/discountlens.ch\/blog\/impressum\/\" \/>\n<meta property=\"og:locale\" content=\"de_DE\" \/>\n<meta property=\"og:type\" content=\"article\" \/>\n<meta property=\"og:title\" content=\"Impressum - discountlens Ratgeber\" \/>\n<meta property=\"og:description\" content=\"Urbach Optik AG Neugutstrasse 52 8600 D\u00fcbendorf Schweiz www.discountlens.ch\u00a0| www.discountlens.de | www.discountlens.at E-Mail. info@discountlens-blog.visiongroup.io Telefon. +41 44 823 10 10 Gratis Hotline. 0800 001 700 Montag &#8211; Freitag. 09:00 bis 17:00 Uhr, ausgenommen schweizer Feiertage Gesch\u00e4ftsleitung: Andreas Hungerb\u00fchler Handelsregister des Kantons Z\u00fcrich Handelsregisternummer: CH-020.3.037.377-4 Mehrwertsteuer Nummer: CHE-390.145.890 Bankverbindung Post Finance    Continue Reading\" \/>\n<meta property=\"og:url\" content=\"https:\/\/discountlens.ch\/blog\/impressum\/\" \/>\n<meta property=\"og:site_name\" content=\"discountlens Ratgeber\" \/>\n<meta property=\"article:modified_time\" content=\"2020-03-17T15:54:16+00:00\" \/>\n<meta name=\"twitter:card\" content=\"summary_large_image\" \/>\n<script type=\"application\/ld+json\" class=\"yoast-schema-graph\">{\"@context\":\"https:\/\/schema.org\",\"@graph\":[{\"@type\":\"WebPage\",\"@id\":\"https:\/\/discountlens.ch\/blog\/impressum\/\",\"url\":\"https:\/\/discountlens.ch\/blog\/impressum\/\",\"name\":\"Impressum - discountlens Ratgeber\",\"isPartOf\":{\"@id\":\"https:\/\/discountlens.ch\/blog\/#website\"},\"datePublished\":\"2018-03-04T14:42:32+00:00\",\"dateModified\":\"2020-03-17T15:54:16+00:00\",\"breadcrumb\":{\"@id\":\"https:\/\/discountlens.ch\/blog\/impressum\/#breadcrumb\"},\"inLanguage\":\"de\",\"potentialAction\":[{\"@type\":\"ReadAction\",\"target\":[\"https:\/\/discountlens.ch\/blog\/impressum\/\"]}]},{\"@type\":\"BreadcrumbList\",\"@id\":\"https:\/\/discountlens.ch\/blog\/impressum\/#breadcrumb\",\"itemListElement\":[{\"@type\":\"ListItem\",\"position\":1,\"name\":\"Startseite\",\"item\":\"https:\/\/discountlens.ch\/blog\/\"},{\"@type\":\"ListItem\",\"position\":2,\"name\":\"Impressum\"}]},{\"@type\":\"WebSite\",\"@id\":\"https:\/\/discountlens.ch\/blog\/#website\",\"url\":\"https:\/\/discountlens.ch\/blog\/\",\"name\":\"discountlens Ratgeber\",\"description\":\"Ihr Ratgeber f\u00fcr Kontaklinsen, Brillen &amp; Pflegemittel\",\"potentialAction\":[{\"@type\":\"SearchAction\",\"target\":{\"@type\":\"EntryPoint\",\"urlTemplate\":\"https:\/\/discountlens.ch\/blog\/?s={search_term_string}\"},\"query-input\":{\"@type\":\"PropertyValueSpecification\",\"valueRequired\":true,\"valueName\":\"search_term_string\"}}],\"inLanguage\":\"de\"}]}<\/script>\n<!-- \/ Yoast SEO plugin. -->","yoast_head_json":{"title":"Impressum - discountlens Ratgeber","robots":{"index":"index","follow":"follow","max-snippet":"max-snippet:-1","max-image-preview":"max-image-preview:large","max-video-preview":"max-video-preview:-1"},"canonical":"https:\/\/discountlens.ch\/blog\/impressum\/","og_locale":"de_DE","og_type":"article","og_title":"Impressum - discountlens Ratgeber","og_description":"Urbach Optik AG Neugutstrasse 52 8600 D\u00fcbendorf Schweiz www.discountlens.ch\u00a0| www.discountlens.de | www.discountlens.at E-Mail. info@discountlens-blog.visiongroup.io Telefon. +41 44 823 10 10 Gratis Hotline. 0800 001 700 Montag &#8211; Freitag. 09:00 bis 17:00 Uhr, ausgenommen schweizer Feiertage Gesch\u00e4ftsleitung: Andreas Hungerb\u00fchler Handelsregister des Kantons Z\u00fcrich Handelsregisternummer: CH-020.3.037.377-4 Mehrwertsteuer Nummer: CHE-390.145.890 Bankverbindung Post Finance    Continue Reading","og_url":"https:\/\/discountlens.ch\/blog\/impressum\/","og_site_name":"discountlens Ratgeber","article_modified_time":"2020-03-17T15:54:16+00:00","twitter_card":"summary_large_image","schema":{"@context":"https:\/\/schema.org","@graph":[{"@type":"WebPage","@id":"https:\/\/discountlens.ch\/blog\/impressum\/","url":"https:\/\/discountlens.ch\/blog\/impressum\/","name":"Impressum - discountlens Ratgeber","isPartOf":{"@id":"https:\/\/discountlens.ch\/blog\/#website"},"datePublished":"2018-03-04T14:42:32+00:00","dateModified":"2020-03-17T15:54:16+00:00","breadcrumb":{"@id":"https:\/\/discountlens.ch\/blog\/impressum\/#breadcrumb"},"inLanguage":"de","potentialAction":[{"@type":"ReadAction","target":["https:\/\/discountlens.ch\/blog\/impressum\/"]}]},{"@type":"BreadcrumbList","@id":"https:\/\/discountlens.ch\/blog\/impressum\/#breadcrumb","itemListElement":[{"@type":"ListItem","position":1,"name":"Startseite","item":"https:\/\/discountlens.ch\/blog\/"},{"@type":"ListItem","position":2,"name":"Impressum"}]},{"@type":"WebSite","@id":"https:\/\/discountlens.ch\/blog\/#website","url":"https:\/\/discountlens.ch\/blog\/","name":"discountlens Ratgeber","description":"Ihr Ratgeber f\u00fcr Kontaklinsen, Brillen &amp; Pflegemittel","potentialAction":[{"@type":"SearchAction","target":{"@type":"EntryPoint","urlTemplate":"https:\/\/discountlens.ch\/blog\/?s={search_term_string}"},"query-input":{"@type":"PropertyValueSpecification","valueRequired":true,"valueName":"search_term_string"}}],"inLanguage":"de"}]}},"_links":{"self":[{"href":"https:\/\/discountlens.ch\/blog\/wp-json\/wp\/v2\/pages\/2254","targetHints":{"allow":["GET"]}}],"collection":[{"href":"https:\/\/discountlens.ch\/blog\/wp-json\/wp\/v2\/pages"}],"about":[{"href":"https:\/\/discountlens.ch\/blog\/wp-json\/wp\/v2\/types\/page"}],"author":[{"embeddable":true,"href":"https:\/\/discountlens.ch\/blog\/wp-json\/wp\/v2\/users\/5"}],"replies":[{"embeddable":true,"href":"https:\/\/discountlens.ch\/blog\/wp-json\/wp\/v2\/comments?post=2254"}],"version-history":[{"count":12,"href":"https:\/\/discountlens.ch\/blog\/wp-json\/wp\/v2\/pages\/2254\/revisions"}],"predecessor-version":[{"id":5244,"href":"https:\/\/discountlens.ch\/blog\/wp-json\/wp\/v2\/pages\/2254\/revisions\/5244"}],"wp:attachment":[{"href":"https:\/\/discountlens.ch\/blog\/wp-json\/wp\/v2\/media?parent=2254"}],"curies":[{"name":"wp","href":"https:\/\/api.w.org\/{rel}","templated":true}]}}