{"id":5960,"date":"2023-03-02T07:41:07","date_gmt":"2023-03-02T06:41:07","guid":{"rendered":"https:\/\/discountlens.ch\/blog\/?page_id=5960"},"modified":"2023-03-02T07:44:48","modified_gmt":"2023-03-02T06:44:48","slug":"quickpac-fr","status":"publish","type":"page","link":"https:\/\/discountlens.ch\/blog\/quickpac-fr\/","title":{"rendered":"SILENCIEUX ET RESPECTANT LE CLIMAT : Quickpac mise sur la livraison de colis \u00e0 faibles \u00e9missions avec des voitures \u00e9lectriques"},"content":{"rendered":"\n<figure class=\"wp-block-image size-large\"><img decoding=\"async\" src=\"https:\/\/www.lensvision.ch\/my\/wp-content\/uploads\/qp-hero-uberland-6-1024x334.jpg\" alt=\"\" class=\"wp-image-1188\"\/><\/figure>\n\n\n\n<p><strong>Quickpac&nbsp;<\/strong>est le premier service de colis en Europe \u00e0 utiliser des voitures \u00e9lectriques sur l\u2019ensemble du territoire et \u00e0 exploiter la plus grande flotte de voitures 100% \u00e9lectriques de Suisse. Gr\u00e2ce \u00e0 sa livraison le soir, \u00e0 sa livraison le jour m\u00eame et \u00e0 son suivi complet des envois,&nbsp;<strong>Quickpac&nbsp;<\/strong>est r\u00e9put\u00e9 pour sa rapidit\u00e9 et sa fiabilit\u00e9.<\/p>\n\n\n\n<h2 class=\"wp-block-heading\">Exp\u00e9dier avec Quickpac<\/h2>\n\n\n\n<p>En tant que partenaire, nous pouvons choisir parmi une multitude d\u2019options d\u2019exp\u00e9dition pour une solution optimale pour le client. Qu\u2019il s\u2019agisse d\u2019un transport rapide, d\u2019une date de livraison pr\u00e9cise ou d\u2019options de livraison sp\u00e9ciales,&nbsp;<strong>Quickpac&nbsp;<\/strong>propose l\u2019option ad\u00e9quate.<\/p>\n\n\n\n<div style=\"height:40px\" aria-hidden=\"true\" class=\"wp-block-spacer\"><\/div>\n\n\n\n<figure class=\"wp-block-image size-large\"><img decoding=\"async\" src=\"https:\/\/www.lensvision.ch\/my\/wp-content\/uploads\/gY0pyMl-1024x117.png\" alt=\"\" class=\"wp-image-1192\"\/><\/figure>\n\n\n\n<h2 class=\"wp-block-heading\">100 % \u00e9lectrique \u2013 0 % diesel<\/h2>\n\n\n\n<p>Avec sa flotte de voitures 100% \u00e9lectriques,&nbsp;<strong>Quickpac&nbsp;<\/strong>livre les colis non seulement avec peu d\u2019\u00e9missions, mais aussi en silence. Que vous habitiez en ville ou \u00e0 la campagne, les livreurs se d\u00e9placent toujours de mani\u00e8re \u00e9cologique.&nbsp;<strong>Quickpac&nbsp;<\/strong>s\u2019est fix\u00e9 pour objectif de r\u00e9duire les \u00e9missions de CO\u2082 sur le dernier kilom\u00e8tre tout en offrant une excellente exp\u00e9rience au client final.<\/p>\n\n\n\n<h2 class=\"wp-block-heading\">100 % pour des cha\u00eenes d\u2019approvisionnement plus durables dans l\u2019e-commerce<\/h2>\n\n\n\n<p><strong>Quickpac&nbsp;<\/strong>est conscient que l\u2019ensemble de la cha\u00eene d\u2019approvisionnement du commerce \u00e9lectronique g\u00e9n\u00e8re encore des \u00e9missions importantes. C\u2019est pourquoi ils travaillent chaque jour \u00e0 d\u00e9velopper des solutions encore plus intelligentes et durables pour aider les partenaires et les clients tout au long de la cha\u00eene de valeur.&nbsp;<strong>Quickpac&nbsp;<\/strong>est fier d\u2019apporter une grande contribution \u00e0 un avenir plus durable et de s\u2019engager pour un monde plus respectueux de l\u2019environnement.<\/p>\n\n\n\n<div style=\"height:100px\" aria-hidden=\"true\" class=\"wp-block-spacer\"><\/div>\n\n\n\n<p><\/p>\n","protected":false},"excerpt":{"rendered":"<p>Quickpac&nbsp;est le premier service de colis en Europe \u00e0 utiliser des voitures \u00e9lectriques sur l\u2019ensemble du territoire et \u00e0 exploiter la plus grande flotte de voitures 100% \u00e9lectriques de Suisse. Gr\u00e2ce \u00e0 sa livraison le soir, \u00e0 sa livraison le jour m\u00eame et \u00e0 son suivi complet des envois,&nbsp;Quickpac&nbsp;est r\u00e9put\u00e9<\/p>\n<div class=\"post-permalink\">\n\t\t\t\t\t\t<a href=\"https:\/\/discountlens.ch\/blog\/quickpac-fr\/\" class=\"btn btn-default\">Continue Reading<\/a><\/div>\n","protected":false},"author":5,"featured_media":0,"parent":0,"menu_order":0,"comment_status":"closed","ping_status":"closed","template":"","meta":{"footnotes":""},"class_list":["post-5960","page","type-page","status-publish","hentry"],"yoast_head":"<!-- This site is optimized with the Yoast SEO plugin v26.0 - https:\/\/yoast.com\/wordpress\/plugins\/seo\/ -->\n<title>SILENCIEUX ET RESPECTANT LE CLIMAT : Quickpac mise sur la livraison de colis \u00e0 faibles \u00e9missions avec des voitures \u00e9lectriques - discountlens Ratgeber<\/title>\n<meta name=\"robots\" content=\"index, follow, max-snippet:-1, max-image-preview:large, max-video-preview:-1\" \/>\n<link rel=\"canonical\" href=\"https:\/\/discountlens.ch\/blog\/quickpac-fr\/\" \/>\n<meta property=\"og:locale\" content=\"de_DE\" \/>\n<meta property=\"og:type\" content=\"article\" \/>\n<meta property=\"og:title\" content=\"SILENCIEUX ET RESPECTANT LE CLIMAT : Quickpac mise sur la livraison de colis \u00e0 faibles \u00e9missions avec des voitures \u00e9lectriques - discountlens Ratgeber\" \/>\n<meta property=\"og:description\" content=\"Quickpac&nbsp;est le premier service de colis en Europe \u00e0 utiliser des voitures \u00e9lectriques sur l\u2019ensemble du territoire et \u00e0 exploiter la plus grande flotte de voitures 100% \u00e9lectriques de Suisse. Gr\u00e2ce \u00e0 sa livraison le soir, \u00e0 sa livraison le jour m\u00eame et \u00e0 son suivi complet des envois,&nbsp;Quickpac&nbsp;est r\u00e9put\u00e9    Continue Reading\" \/>\n<meta property=\"og:url\" content=\"https:\/\/discountlens.ch\/blog\/quickpac-fr\/\" \/>\n<meta property=\"og:site_name\" content=\"discountlens Ratgeber\" \/>\n<meta property=\"article:modified_time\" content=\"2023-03-02T06:44:48+00:00\" \/>\n<meta property=\"og:image\" content=\"https:\/\/www.lensvision.ch\/my\/wp-content\/uploads\/qp-hero-uberland-6-1024x334.jpg\" \/>\n<meta name=\"twitter:card\" content=\"summary_large_image\" \/>\n<meta name=\"twitter:label1\" content=\"Gesch\u00e4tzte Lesezeit\" \/>\n\t<meta name=\"twitter:data1\" content=\"1\u00a0Minute\" \/>\n<script type=\"application\/ld+json\" class=\"yoast-schema-graph\">{\"@context\":\"https:\/\/schema.org\",\"@graph\":[{\"@type\":\"WebPage\",\"@id\":\"https:\/\/discountlens.ch\/blog\/quickpac-fr\/\",\"url\":\"https:\/\/discountlens.ch\/blog\/quickpac-fr\/\",\"name\":\"SILENCIEUX ET RESPECTANT LE CLIMAT : Quickpac mise sur la livraison de colis \u00e0 faibles \u00e9missions avec des voitures \u00e9lectriques - discountlens Ratgeber\",\"isPartOf\":{\"@id\":\"https:\/\/discountlens.ch\/blog\/#website\"},\"primaryImageOfPage\":{\"@id\":\"https:\/\/discountlens.ch\/blog\/quickpac-fr\/#primaryimage\"},\"image\":{\"@id\":\"https:\/\/discountlens.ch\/blog\/quickpac-fr\/#primaryimage\"},\"thumbnailUrl\":\"https:\/\/www.lensvision.ch\/my\/wp-content\/uploads\/qp-hero-uberland-6-1024x334.jpg\",\"datePublished\":\"2023-03-02T06:41:07+00:00\",\"dateModified\":\"2023-03-02T06:44:48+00:00\",\"breadcrumb\":{\"@id\":\"https:\/\/discountlens.ch\/blog\/quickpac-fr\/#breadcrumb\"},\"inLanguage\":\"de\",\"potentialAction\":[{\"@type\":\"ReadAction\",\"target\":[\"https:\/\/discountlens.ch\/blog\/quickpac-fr\/\"]}]},{\"@type\":\"ImageObject\",\"inLanguage\":\"de\",\"@id\":\"https:\/\/discountlens.ch\/blog\/quickpac-fr\/#primaryimage\",\"url\":\"https:\/\/www.lensvision.ch\/my\/wp-content\/uploads\/qp-hero-uberland-6-1024x334.jpg\",\"contentUrl\":\"https:\/\/www.lensvision.ch\/my\/wp-content\/uploads\/qp-hero-uberland-6-1024x334.jpg\"},{\"@type\":\"BreadcrumbList\",\"@id\":\"https:\/\/discountlens.ch\/blog\/quickpac-fr\/#breadcrumb\",\"itemListElement\":[{\"@type\":\"ListItem\",\"position\":1,\"name\":\"Startseite\",\"item\":\"https:\/\/discountlens.ch\/blog\/\"},{\"@type\":\"ListItem\",\"position\":2,\"name\":\"SILENCIEUX ET RESPECTANT LE CLIMAT : Quickpac mise sur la livraison de colis \u00e0 faibles \u00e9missions avec des voitures \u00e9lectriques\"}]},{\"@type\":\"WebSite\",\"@id\":\"https:\/\/discountlens.ch\/blog\/#website\",\"url\":\"https:\/\/discountlens.ch\/blog\/\",\"name\":\"discountlens Ratgeber\",\"description\":\"Ihr Ratgeber f\u00fcr Kontaklinsen, Brillen &amp; Pflegemittel\",\"potentialAction\":[{\"@type\":\"SearchAction\",\"target\":{\"@type\":\"EntryPoint\",\"urlTemplate\":\"https:\/\/discountlens.ch\/blog\/?s={search_term_string}\"},\"query-input\":{\"@type\":\"PropertyValueSpecification\",\"valueRequired\":true,\"valueName\":\"search_term_string\"}}],\"inLanguage\":\"de\"}]}<\/script>\n<!-- \/ Yoast SEO plugin. -->","yoast_head_json":{"title":"SILENCIEUX ET RESPECTANT LE CLIMAT : Quickpac mise sur la livraison de colis \u00e0 faibles \u00e9missions avec des voitures \u00e9lectriques - discountlens Ratgeber","robots":{"index":"index","follow":"follow","max-snippet":"max-snippet:-1","max-image-preview":"max-image-preview:large","max-video-preview":"max-video-preview:-1"},"canonical":"https:\/\/discountlens.ch\/blog\/quickpac-fr\/","og_locale":"de_DE","og_type":"article","og_title":"SILENCIEUX ET RESPECTANT LE CLIMAT : Quickpac mise sur la livraison de colis \u00e0 faibles \u00e9missions avec des voitures \u00e9lectriques - discountlens Ratgeber","og_description":"Quickpac&nbsp;est le premier service de colis en Europe \u00e0 utiliser des voitures \u00e9lectriques sur l\u2019ensemble du territoire et \u00e0 exploiter la plus grande flotte de voitures 100% \u00e9lectriques de Suisse. Gr\u00e2ce \u00e0 sa livraison le soir, \u00e0 sa livraison le jour m\u00eame et \u00e0 son suivi complet des envois,&nbsp;Quickpac&nbsp;est r\u00e9put\u00e9    Continue Reading","og_url":"https:\/\/discountlens.ch\/blog\/quickpac-fr\/","og_site_name":"discountlens Ratgeber","article_modified_time":"2023-03-02T06:44:48+00:00","og_image":[{"url":"https:\/\/www.lensvision.ch\/my\/wp-content\/uploads\/qp-hero-uberland-6-1024x334.jpg","type":"","width":"","height":""}],"twitter_card":"summary_large_image","twitter_misc":{"Gesch\u00e4tzte Lesezeit":"1\u00a0Minute"},"schema":{"@context":"https:\/\/schema.org","@graph":[{"@type":"WebPage","@id":"https:\/\/discountlens.ch\/blog\/quickpac-fr\/","url":"https:\/\/discountlens.ch\/blog\/quickpac-fr\/","name":"SILENCIEUX ET RESPECTANT LE CLIMAT : Quickpac mise sur la livraison de colis \u00e0 faibles \u00e9missions avec des voitures \u00e9lectriques - discountlens Ratgeber","isPartOf":{"@id":"https:\/\/discountlens.ch\/blog\/#website"},"primaryImageOfPage":{"@id":"https:\/\/discountlens.ch\/blog\/quickpac-fr\/#primaryimage"},"image":{"@id":"https:\/\/discountlens.ch\/blog\/quickpac-fr\/#primaryimage"},"thumbnailUrl":"https:\/\/www.lensvision.ch\/my\/wp-content\/uploads\/qp-hero-uberland-6-1024x334.jpg","datePublished":"2023-03-02T06:41:07+00:00","dateModified":"2023-03-02T06:44:48+00:00","breadcrumb":{"@id":"https:\/\/discountlens.ch\/blog\/quickpac-fr\/#breadcrumb"},"inLanguage":"de","potentialAction":[{"@type":"ReadAction","target":["https:\/\/discountlens.ch\/blog\/quickpac-fr\/"]}]},{"@type":"ImageObject","inLanguage":"de","@id":"https:\/\/discountlens.ch\/blog\/quickpac-fr\/#primaryimage","url":"https:\/\/www.lensvision.ch\/my\/wp-content\/uploads\/qp-hero-uberland-6-1024x334.jpg","contentUrl":"https:\/\/www.lensvision.ch\/my\/wp-content\/uploads\/qp-hero-uberland-6-1024x334.jpg"},{"@type":"BreadcrumbList","@id":"https:\/\/discountlens.ch\/blog\/quickpac-fr\/#breadcrumb","itemListElement":[{"@type":"ListItem","position":1,"name":"Startseite","item":"https:\/\/discountlens.ch\/blog\/"},{"@type":"ListItem","position":2,"name":"SILENCIEUX ET RESPECTANT LE CLIMAT : Quickpac mise sur la livraison de colis \u00e0 faibles \u00e9missions avec des voitures \u00e9lectriques"}]},{"@type":"WebSite","@id":"https:\/\/discountlens.ch\/blog\/#website","url":"https:\/\/discountlens.ch\/blog\/","name":"discountlens Ratgeber","description":"Ihr Ratgeber f\u00fcr Kontaklinsen, Brillen &amp; Pflegemittel","potentialAction":[{"@type":"SearchAction","target":{"@type":"EntryPoint","urlTemplate":"https:\/\/discountlens.ch\/blog\/?s={search_term_string}"},"query-input":{"@type":"PropertyValueSpecification","valueRequired":true,"valueName":"search_term_string"}}],"inLanguage":"de"}]}},"_links":{"self":[{"href":"https:\/\/discountlens.ch\/blog\/wp-json\/wp\/v2\/pages\/5960","targetHints":{"allow":["GET"]}}],"collection":[{"href":"https:\/\/discountlens.ch\/blog\/wp-json\/wp\/v2\/pages"}],"about":[{"href":"https:\/\/discountlens.ch\/blog\/wp-json\/wp\/v2\/types\/page"}],"author":[{"embeddable":true,"href":"https:\/\/discountlens.ch\/blog\/wp-json\/wp\/v2\/users\/5"}],"replies":[{"embeddable":true,"href":"https:\/\/discountlens.ch\/blog\/wp-json\/wp\/v2\/comments?post=5960"}],"version-history":[{"count":2,"href":"https:\/\/discountlens.ch\/blog\/wp-json\/wp\/v2\/pages\/5960\/revisions"}],"predecessor-version":[{"id":5972,"href":"https:\/\/discountlens.ch\/blog\/wp-json\/wp\/v2\/pages\/5960\/revisions\/5972"}],"wp:attachment":[{"href":"https:\/\/discountlens.ch\/blog\/wp-json\/wp\/v2\/media?parent=5960"}],"curies":[{"name":"wp","href":"https:\/\/api.w.org\/{rel}","templated":true}]}}